{"id":7730,"date":"2021-10-14T17:47:52","date_gmt":"2021-10-14T17:47:52","guid":{"rendered":"https:\/\/stageenv.wpengine.com\/demande-de-donnees\/"},"modified":"2026-04-13T18:00:07","modified_gmt":"2026-04-13T18:00:07","slug":"demande-de-donnees","status":"publish","type":"page","link":"https:\/\/www.vayle.io\/fr-ca\/demande-de-donnees\/","title":{"rendered":"Demande de donn\u00e9es"},"content":{"rendered":"<div class=\"wpb-content-wrapper\"><p>[vc_row css=\u00a0\u00bb.vc_custom_1575380785088{padding-top: 60px !important;padding-bottom: 80px !important;}\u00a0\u00bb][vc_column width=\u00a0\u00bb5\/6&Prime; offset=\u00a0\u00bbvc_col-lg-offset-2 vc_col-lg-8 vc_col-md-offset-2 vc_col-md-8 vc_col-sm-offset-1 vc_col-xs-offset-1 vc_col-xs-10&Prime;][vc_custom_heading text=\u00a0\u00bbFormulaire de demande d\u2019acc\u00e8s du sujet des donn\u00e9es\u00a0\u00bb font_container=\u00a0\u00bbtag:h2|font_size:35px|text_align:center\u00a0\u00bb use_theme_fonts=\u00a0\u00bbyes\u00a0\u00bb css=\u00a0\u00bb\u00a0\u00bb][vc_column_text css=\u00a0\u00bb\u00a0\u00bb]Vayle s\u2019engage \u00e0 recueillilr et \u00e0 utiliser les Donn\u00e9es personnelles de mani\u00e8re responsable. Si vous souhaitez acc\u00e9der \u00e0 vos Donn\u00e9es personnelles, les supprimer, les rectifier ou vous opposer \u00e0 leur vente, il vous suffit de remplir le formulaire ci-dessous. Ce formulaire peut \u00e9galement \u00eatre utilis\u00e9 pour vous d\u00e9sinscrire de nos courriels de marketing et de communication.<\/p>\n<p>Pour\u00a0obtenir davantage de renseignements\u00a0sur nos pratiques en mati\u00e8re de confidentialit\u00e9, veuillez consulter notre\u00a0<a href=\"https:\/\/www.vayle.io\/fr-ca\/project\/centre-de-confidentialite\/\">Avis de<\/a>\u00a0confidentialit\u00e9. Toute question concernant ce formulaire peut \u00eatre transmise \u00e0\u00a0<a href=\"mailto:privacy@vayle.io\">privacy@vayle.io<\/a>.\n<div class=\"wpcf7 no-js\" id=\"wpcf7-f7793-o1\" lang=\"fr-FR\" dir=\"ltr\" data-wpcf7-id=\"7793\">\n<div class=\"screen-reader-response\"><p role=\"status\" aria-live=\"polite\" aria-atomic=\"true\"><\/p> <ul><\/ul><\/div>\n<form action=\"\/fr-ca\/wp-json\/wp\/v2\/pages\/7730#wpcf7-f7793-o1\" method=\"post\" class=\"wpcf7-form init\" aria-label=\"Formulaire de contact\" novalidate=\"novalidate\" data-status=\"init\">\n<fieldset class=\"hidden-fields-container\"><input type=\"hidden\" name=\"_wpcf7\" value=\"7793\" \/><input type=\"hidden\" name=\"_wpcf7_version\" value=\"6.1.5\" \/><input type=\"hidden\" name=\"_wpcf7_locale\" value=\"fr_FR\" \/><input type=\"hidden\" name=\"_wpcf7_unit_tag\" value=\"wpcf7-f7793-o1\" \/><input type=\"hidden\" name=\"_wpcf7_container_post\" value=\"0\" \/><input type=\"hidden\" name=\"_wpcf7_posted_data_hash\" value=\"\" \/><input type=\"hidden\" name=\"_wpcf7_recaptcha_response\" value=\"\" \/>\n<\/fieldset>\n<p><label>Relation avec Vayle*<br \/>\n<span class=\"wpcf7-form-control-wrap\" data-name=\"relationship\"><select class=\"wpcf7-form-control wpcf7-select wpcf7-validates-as-required\" aria-required=\"true\" aria-invalid=\"false\" name=\"relationship\"><option value=\"\">&#8212;Veuillez choisir une option&#8212;<\/option><option value=\"Cliente\">Cliente<\/option><option value=\"Visiteur du site web\">Visiteur du site web<\/option><option value=\"Prospect commercial\">Prospect commercial<\/option><option value=\"Abonn\u00e9 aux actualit\u00e9s et contenus\">Abonn\u00e9 aux actualit\u00e9s et contenus<\/option><option value=\"Employ\u00e9e\">Employ\u00e9e<\/option><option value=\"Partenaire commercial\">Partenaire commercial<\/option><option value=\"Candidat \u00e0 un emploi\">Candidat \u00e0 un emploi<\/option><\/select><\/span><\/label>\n<\/p>\n<p><label>Type de demande de donn\u00e9es*<br \/>\n<span class=\"wpcf7-form-control-wrap\" data-name=\"data_type\"><select class=\"wpcf7-form-control wpcf7-select wpcf7-validates-as-required\" aria-required=\"true\" aria-invalid=\"false\" name=\"data_type\"><option value=\"\">&#8212;Veuillez choisir une option&#8212;<\/option><option value=\"Acc\u00e9dez \u00e0 vos donn\u00e9es\">Acc\u00e9dez \u00e0 vos donn\u00e9es<\/option><option value=\"Rectifiez vos donn\u00e9es\">Rectifiez vos donn\u00e9es<\/option><option value=\"Transf\u00e9rez vos donn\u00e9es\">Transf\u00e9rez vos donn\u00e9es<\/option><option value=\"Supprimer vos donn\u00e9es\">Supprimer vos donn\u00e9es<\/option><option value=\"Se d\u00e9sinscrire des e-mails Vayle\">Se d\u00e9sinscrire des e-mails Vayle<\/option><option value=\"Refuser le partage de vos donn\u00e9es\">Refuser le partage de vos donn\u00e9es<\/option><option value=\"D\u00e9poser une plainte\">D\u00e9poser une plainte<\/option><\/select><\/span><\/label>\n<\/p>\n<p><label> Pr\u00e9nom*<br \/>\n<span class=\"wpcf7-form-control-wrap\" data-name=\"first-name\"><input size=\"40\" maxlength=\"400\" class=\"wpcf7-form-control wpcf7-text wpcf7-validates-as-required\" aria-required=\"true\" aria-invalid=\"false\" value=\"\" type=\"text\" name=\"first-name\" \/><\/span> <\/label>\n<\/p>\n<p><label> Nom de famille*<br \/>\n<span class=\"wpcf7-form-control-wrap\" data-name=\"last-name\"><input size=\"40\" maxlength=\"400\" class=\"wpcf7-form-control wpcf7-text wpcf7-validates-as-required\" aria-required=\"true\" aria-invalid=\"false\" value=\"\" type=\"text\" name=\"last-name\" \/><\/span> <\/label>\n<\/p>\n<p><label> Nom de l'entreprise*<br \/>\n<span class=\"wpcf7-form-control-wrap\" data-name=\"company-name\"><input size=\"40\" maxlength=\"400\" class=\"wpcf7-form-control wpcf7-text wpcf7-validates-as-required\" aria-required=\"true\" aria-invalid=\"false\" value=\"\" type=\"text\" name=\"company-name\" \/><\/span> <\/label>\n<\/p>\n<p><label> Courriel professionnel*<br \/>\n<span class=\"wpcf7-form-control-wrap\" data-name=\"work-email\"><input size=\"40\" maxlength=\"400\" class=\"wpcf7-form-control wpcf7-email wpcf7-validates-as-required wpcf7-text wpcf7-validates-as-email\" aria-required=\"true\" aria-invalid=\"false\" value=\"\" type=\"email\" name=\"work-email\" \/><\/span> <\/label>\n<\/p>\n<p><label> Num\u00e9ro de t\u00e9l\u00e9phone professionnel*<br \/>\n<span class=\"wpcf7-form-control-wrap\" data-name=\"phone-number\"><input size=\"40\" maxlength=\"400\" class=\"wpcf7-form-control wpcf7-text wpcf7-validates-as-required\" aria-required=\"true\" aria-invalid=\"false\" value=\"\" type=\"text\" name=\"phone-number\" \/><\/span> <\/label>\n<\/p>\n<p><label for=\"country\">Pays*<\/label><br \/>\n<span class=\"wpcf7-form-control-wrap\" data-name=\"country\"><select class=\"wpcf7-form-control wpcf7-select wpcf7-validates-as-required\" aria-required=\"true\" aria-invalid=\"false\" name=\"country\"><option value=\"\">&#8212;Veuillez choisir une option&#8212;<\/option><option value=\"Canada\">Canada<\/option><option value=\"USA\">USA<\/option><\/select><\/span>\n<\/p>\n<p><label> D\u00e9tails suppl\u00e9mentaires<br \/>\n<span class=\"wpcf7-form-control-wrap\" data-name=\"Details\"><textarea cols=\"40\" rows=\"10\" maxlength=\"2000\" class=\"wpcf7-form-control wpcf7-textarea\" id=\"details\" aria-invalid=\"false\" name=\"Details\">Saisissez les d\u00e9tails ici...<\/textarea><\/span><\/label>\n<\/p>\n<p><input class=\"wpcf7-form-control wpcf7-submit has-spinner\" type=\"submit\" value=\"Soumettre\" \/>\n<\/p><div class=\"wpcf7-response-output\" aria-hidden=\"true\"><\/div>\n<\/form>\n<\/div>\n[\/vc_column_text][\/vc_column][\/vc_row][vc_row full_width=\u00a0\u00bbstretch_row\u00a0\u00bb css=\u00a0\u00bb.vc_custom_1575380952134{padding-top: 60px !important;padding-bottom: 90px !important;background-color: rgba(0,0,0,0.04) !important;*background-color: rgb(0,0,0) !important;}\u00a0\u00bb][vc_column width=\u00a0\u00bb5\/6&Prime; offset=\u00a0\u00bbvc_col-lg-offset-2 vc_col-lg-8 vc_col-md-offset-2 vc_col-md-8 vc_col-sm-offset-1 vc_col-xs-offset-1 vc_col-xs-10&Prime;][vc_row_inner][vc_column_inner width=\u00a0\u00bb1\/2&Prime; css=\u00a0\u00bb.vc_custom_1575380832525{margin-bottom: 45px !important;border-right-width: 3px !important;padding-top: 30px !important;padding-bottom: 30px !important;border-right-color: #148ba9 !important;border-right-style: solid !important;}\u00a0\u00bb offset=\u00a0\u00bbvc_col-lg-offset-0 vc_col-md-offset-0 vc_col-sm-offset-0 vc_col-xs-6&Prime;][\/vc_column_inner][\/vc_row_inner][vc_custom_heading text=\u00a0\u00bbSuivre Vayle\u00a0\u00bb font_container=\u00a0\u00bbtag:h2|font_size:50px|text_align:center\u00a0\u00bb use_theme_fonts=\u00a0\u00bbyes\u00a0\u00bb css=\u00a0\u00bb.vc_custom_1776103108364{margin-bottom: 20px !important;}\u00a0\u00bb][vc_column_text css=\u00a0\u00bb\u00a0\u00bb]<\/p>\n<p style=\"text-align: center;\">Les derni\u00e8res nouvelles sur la protection des donn\u00e9es.<\/p>\n<p>[\/vc_column_text]<style type=\"text\/css\" data-type=\"the7_shortcodes-inline-css\">.dt-shortcode-soc-icons.soc-icons-74c410b06c4f55dbdf014c8618579962 a {\n  margin-right: 10px;\n}\n.dt-shortcode-soc-icons a.soc-icons-74c410b06c4f55dbdf014c8618579962 {\n  margin-right: 10px;\n}\n.dt-shortcode-soc-icons a.soc-icons-74c410b06c4f55dbdf014c8618579962:last-child {\n  margin-right: 0;\n}\n.dt-shortcode-soc-icons a.soc-icons-74c410b06c4f55dbdf014c8618579962:before,\n.dt-shortcode-soc-icons a.soc-icons-74c410b06c4f55dbdf014c8618579962:after {\n  padding: inherit;\n}\n.dt-shortcode-soc-icons a.soc-icons-74c410b06c4f55dbdf014c8618579962.dt-icon-border-on:before {\n  border:  solid ;\n}\n.dt-shortcode-soc-icons a.soc-icons-74c410b06c4f55dbdf014c8618579962.dt-icon-hover-border-on:after {\n  border:  solid ;\n}<\/style><div class=\"dt-shortcode-soc-icons  soc-icons-74c410b06c4f55dbdf014c8618579962 soc-icons-center \" ><style type=\"text\/css\" data-type=\"the7_shortcodes-inline-css\">.dt-shortcode-soc-icons a.single-soc-icon-f4e84283a0dbd260b925bf57b30df2ee {\n  min-width: 60px;\n  min-height: 60px;\n  font-size: 24px;\n  border-radius: 100px;\n}\n.dt-shortcode-soc-icons a.single-soc-icon-f4e84283a0dbd260b925bf57b30df2ee:last-child {\n  margin-right: 0;\n}\n.dt-shortcode-soc-icons a.single-soc-icon-f4e84283a0dbd260b925bf57b30df2ee:before,\n.dt-shortcode-soc-icons a.single-soc-icon-f4e84283a0dbd260b925bf57b30df2ee:after {\n  min-width: 60px;\n  min-height: 60px;\n  padding: inherit;\n}\n.dt-shortcode-soc-icons a.single-soc-icon-f4e84283a0dbd260b925bf57b30df2ee.dt-icon-border-on:before {\n  border: 3px solid ;\n}\n.dt-shortcode-soc-icons a.single-soc-icon-f4e84283a0dbd260b925bf57b30df2ee.dt-icon-hover-border-on:after {\n  border: 3px solid ;\n}\n.dt-shortcode-soc-icons a.single-soc-icon-f4e84283a0dbd260b925bf57b30df2ee:hover {\n  font-size: 24px;\n}\n#page .dt-shortcode-soc-icons a.single-soc-icon-f4e84283a0dbd260b925bf57b30df2ee:hover .soc-font-icon,\n#phantom .dt-shortcode-soc-icons a.single-soc-icon-f4e84283a0dbd260b925bf57b30df2ee:hover .soc-font-icon,\n#page .dt-shortcode-soc-icons a.single-soc-icon-f4e84283a0dbd260b925bf57b30df2ee:hover .soc-icon,\n#phantom .dt-shortcode-soc-icons a.single-soc-icon-f4e84283a0dbd260b925bf57b30df2ee:hover .soc-icon {\n  color: #ffffff;\n  background: none;\n}\n.dt-shortcode-soc-icons a.single-soc-icon-f4e84283a0dbd260b925bf57b30df2ee .soc-font-icon,\n.dt-shortcode-soc-icons a.single-soc-icon-f4e84283a0dbd260b925bf57b30df2ee .soc-icon {\n  font-size: 24px;\n}<\/style><a title=\"Linkedin\" href=\"https:\/\/www.linkedin.com\/company\/vayle-inc\/\" class=\"linkedin single-soc-icon-f4e84283a0dbd260b925bf57b30df2ee dt-icon-bg-off dt-icon-border-on dt-icon-hover-border-on dt-icon-hover-bg-on\"><i class=\"soc-icon soc-font-icon dt-icon-linkedin\"><\/i><span class=\"screen-reader-text\">Linkedin<\/span><\/a><style type=\"text\/css\" data-type=\"the7_shortcodes-inline-css\">.dt-shortcode-soc-icons a.single-soc-icon-d88ab14b1f3c0903b920bdfd93256f25 {\n  min-width: 60px;\n  min-height: 60px;\n  font-size: 24px;\n  border-radius: 100px;\n}\n.dt-shortcode-soc-icons a.single-soc-icon-d88ab14b1f3c0903b920bdfd93256f25:last-child {\n  margin-right: 0;\n}\n.dt-shortcode-soc-icons a.single-soc-icon-d88ab14b1f3c0903b920bdfd93256f25:before,\n.dt-shortcode-soc-icons a.single-soc-icon-d88ab14b1f3c0903b920bdfd93256f25:after {\n  min-width: 60px;\n  min-height: 60px;\n  padding: inherit;\n}\n.dt-shortcode-soc-icons a.single-soc-icon-d88ab14b1f3c0903b920bdfd93256f25.dt-icon-border-on:before {\n  border: 3px solid ;\n}\n.dt-shortcode-soc-icons a.single-soc-icon-d88ab14b1f3c0903b920bdfd93256f25.dt-icon-hover-border-on:after {\n  border: 3px solid ;\n}\n.dt-shortcode-soc-icons a.single-soc-icon-d88ab14b1f3c0903b920bdfd93256f25:hover {\n  font-size: 24px;\n}\n#page .dt-shortcode-soc-icons a.single-soc-icon-d88ab14b1f3c0903b920bdfd93256f25:hover .soc-font-icon,\n#phantom .dt-shortcode-soc-icons a.single-soc-icon-d88ab14b1f3c0903b920bdfd93256f25:hover .soc-font-icon,\n#page .dt-shortcode-soc-icons a.single-soc-icon-d88ab14b1f3c0903b920bdfd93256f25:hover .soc-icon,\n#phantom .dt-shortcode-soc-icons a.single-soc-icon-d88ab14b1f3c0903b920bdfd93256f25:hover .soc-icon {\n  color: #ffffff;\n  background: none;\n}\n.dt-shortcode-soc-icons a.single-soc-icon-d88ab14b1f3c0903b920bdfd93256f25 .soc-font-icon,\n.dt-shortcode-soc-icons a.single-soc-icon-d88ab14b1f3c0903b920bdfd93256f25 .soc-icon {\n  font-size: 24px;\n}<\/style><a title=\"X\" href=\"https:\/\/twitter.com\/vayletweets\" class=\"twitter single-soc-icon-d88ab14b1f3c0903b920bdfd93256f25 dt-icon-bg-off dt-icon-border-on dt-icon-hover-border-on dt-icon-hover-bg-on\"><i class=\"soc-icon soc-font-icon dt-icon-twitter\"><\/i><span class=\"screen-reader-text\">X<\/span><\/a><\/div>[\/vc_column][\/vc_row]<\/p>\n<\/div>","protected":false},"excerpt":{"rendered":"<p>[vc_row css=\u00a0\u00bb.vc_custom_1575380785088{padding-top: 60px !important;padding-bottom: 80px !important;}\u00a0\u00bb][vc_column width=\u00a0\u00bb5\/6&Prime; offset=\u00a0\u00bbvc_col-lg-offset-2 vc_col-lg-8 vc_col-md-offset-2 vc_col-md-8 vc_col-sm-offset-1 vc_col-xs-offset-1 vc_col-xs-10&Prime;][vc_custom_heading text=\u00a0\u00bbFormulaire de demande d\u2019acc\u00e8s du sujet des donn\u00e9es\u00a0\u00bb font_container=\u00a0\u00bbtag:h2|font_size:35px|text_align:center\u00a0\u00bb use_theme_fonts=\u00a0\u00bbyes\u00a0\u00bb css=\u00a0\u00bb\u00a0\u00bb][vc_column_text css=\u00a0\u00bb\u00a0\u00bb]Vayle s\u2019engage \u00e0 recueillilr et \u00e0 utiliser les Donn\u00e9es personnelles de mani\u00e8re responsable. Si vous souhaitez acc\u00e9der \u00e0 vos Donn\u00e9es personnelles, les supprimer, les rectifier ou vous opposer \u00e0 leur&hellip;<\/p>\n","protected":false},"author":19,"featured_media":0,"parent":0,"menu_order":35,"comment_status":"closed","ping_status":"closed","template":"","meta":{"_acf_changed":false,"content-type":"","footnotes":""},"class_list":["post-7730","page","type-page","status-publish","hentry","description-off"],"acf":[],"yoast_head":"<!-- This site is optimized with the Yoast SEO plugin v27.4 - https:\/\/yoast.com\/product\/yoast-seo-wordpress\/ -->\n<title>Demande de donn\u00e9es - Vayle | FOI and Information Compliance<\/title>\n<meta name=\"robots\" content=\"index, follow, max-snippet:-1, max-image-preview:large, max-video-preview:-1\" \/>\n<link rel=\"canonical\" href=\"https:\/\/www.vayle.io\/fr-ca\/demande-de-donnees\/\" \/>\n<meta property=\"og:locale\" content=\"fr_CA\" \/>\n<meta property=\"og:type\" content=\"article\" \/>\n<meta property=\"og:title\" content=\"Demande de donn\u00e9es - Vayle | FOI and Information Compliance\" \/>\n<meta property=\"og:description\" content=\"[vc_row css=\u00a0\u00bb.vc_custom_1575380785088{padding-top: 60px !important;padding-bottom: 80px !important;}\u00a0\u00bb][vc_column width=\u00a0\u00bb5\/6&Prime; offset=\u00a0\u00bbvc_col-lg-offset-2 vc_col-lg-8 vc_col-md-offset-2 vc_col-md-8 vc_col-sm-offset-1 vc_col-xs-offset-1 vc_col-xs-10&Prime;][vc_custom_heading text=\u00a0\u00bbFormulaire de demande d\u2019acc\u00e8s du sujet des donn\u00e9es\u00a0\u00bb font_container=\u00a0\u00bbtag:h2|font_size:35px|text_align:center\u00a0\u00bb use_theme_fonts=\u00a0\u00bbyes\u00a0\u00bb css=\u00a0\u00bb\u00a0\u00bb][vc_column_text css=\u00a0\u00bb\u00a0\u00bb]Vayle s\u2019engage \u00e0 recueillilr et \u00e0 utiliser les Donn\u00e9es personnelles de mani\u00e8re responsable. Si vous souhaitez acc\u00e9der \u00e0 vos Donn\u00e9es personnelles, les supprimer, les rectifier ou vous opposer \u00e0 leur&hellip;\" \/>\n<meta property=\"og:url\" content=\"https:\/\/www.vayle.io\/fr-ca\/demande-de-donnees\/\" \/>\n<meta property=\"og:site_name\" content=\"Vayle | FOI and Information Compliance\" \/>\n<meta property=\"article:modified_time\" content=\"2026-04-13T18:00:07+00:00\" \/>\n<meta name=\"twitter:card\" content=\"summary_large_image\" \/>\n<meta name=\"twitter:site\" content=\"@vayletweets\" \/>\n<meta name=\"twitter:label1\" content=\"Estimation du temps de lecture\" \/>\n\t<meta name=\"twitter:data1\" content=\"1 minute\" \/>\n<script type=\"application\/ld+json\" class=\"yoast-schema-graph\">{\"@context\":\"https:\\\/\\\/schema.org\",\"@graph\":[{\"@type\":\"WebPage\",\"@id\":\"https:\\\/\\\/www.vayle.io\\\/fr-ca\\\/demande-de-donnees\\\/\",\"url\":\"https:\\\/\\\/www.vayle.io\\\/fr-ca\\\/demande-de-donnees\\\/\",\"name\":\"Demande de donn\u00e9es - Vayle | FOI and Information Compliance\",\"isPartOf\":{\"@id\":\"https:\\\/\\\/www.vayle.io\\\/fr-ca\\\/#website\"},\"datePublished\":\"2021-10-14T17:47:52+00:00\",\"dateModified\":\"2026-04-13T18:00:07+00:00\",\"breadcrumb\":{\"@id\":\"https:\\\/\\\/www.vayle.io\\\/fr-ca\\\/demande-de-donnees\\\/#breadcrumb\"},\"inLanguage\":\"fr-CA\",\"potentialAction\":[{\"@type\":\"ReadAction\",\"target\":[\"https:\\\/\\\/www.vayle.io\\\/fr-ca\\\/demande-de-donnees\\\/\"]}]},{\"@type\":\"BreadcrumbList\",\"@id\":\"https:\\\/\\\/www.vayle.io\\\/fr-ca\\\/demande-de-donnees\\\/#breadcrumb\",\"itemListElement\":[{\"@type\":\"ListItem\",\"position\":1,\"name\":\"Home\",\"item\":\"https:\\\/\\\/www.vayle.io\\\/fr-ca\\\/\"},{\"@type\":\"ListItem\",\"position\":2,\"name\":\"Demande de donn\u00e9es\"}]},{\"@type\":\"WebSite\",\"@id\":\"https:\\\/\\\/www.vayle.io\\\/fr-ca\\\/#website\",\"url\":\"https:\\\/\\\/www.vayle.io\\\/fr-ca\\\/\",\"name\":\"Vayle | FOI and Information Compliance\",\"description\":\"Achieve Compliance. Reduce Risk. Build Trust.\",\"publisher\":{\"@id\":\"https:\\\/\\\/www.vayle.io\\\/fr-ca\\\/#organization\"},\"potentialAction\":[{\"@type\":\"SearchAction\",\"target\":{\"@type\":\"EntryPoint\",\"urlTemplate\":\"https:\\\/\\\/www.vayle.io\\\/fr-ca\\\/?s={search_term_string}\"},\"query-input\":{\"@type\":\"PropertyValueSpecification\",\"valueRequired\":true,\"valueName\":\"search_term_string\"}}],\"inLanguage\":\"fr-CA\"},{\"@type\":\"Organization\",\"@id\":\"https:\\\/\\\/www.vayle.io\\\/fr-ca\\\/#organization\",\"name\":\"Vayle\",\"url\":\"https:\\\/\\\/www.vayle.io\\\/fr-ca\\\/\",\"logo\":{\"@type\":\"ImageObject\",\"inLanguage\":\"fr-CA\",\"@id\":\"https:\\\/\\\/www.vayle.io\\\/fr-ca\\\/#\\\/schema\\\/logo\\\/image\\\/\",\"url\":\"https:\\\/\\\/www.vayle.io\\\/wp-content\\\/uploads\\\/2022\\\/05\\\/Android-Playstore-Graphic.png\",\"contentUrl\":\"https:\\\/\\\/www.vayle.io\\\/wp-content\\\/uploads\\\/2022\\\/05\\\/Android-Playstore-Graphic.png\",\"width\":1024,\"height\":500,\"caption\":\"Vayle\"},\"image\":{\"@id\":\"https:\\\/\\\/www.vayle.io\\\/fr-ca\\\/#\\\/schema\\\/logo\\\/image\\\/\"},\"sameAs\":[\"https:\\\/\\\/x.com\\\/vayletweets\",\"https:\\\/\\\/www.linkedin.com\\\/company\\\/vayle-inc\"]}]}<\/script>\n<!-- \/ Yoast SEO plugin. -->","yoast_head_json":{"title":"Demande de donn\u00e9es - Vayle | FOI and Information Compliance","robots":{"index":"index","follow":"follow","max-snippet":"max-snippet:-1","max-image-preview":"max-image-preview:large","max-video-preview":"max-video-preview:-1"},"canonical":"https:\/\/www.vayle.io\/fr-ca\/demande-de-donnees\/","og_locale":"fr_CA","og_type":"article","og_title":"Demande de donn\u00e9es - Vayle | FOI and Information Compliance","og_description":"[vc_row css=\u00a0\u00bb.vc_custom_1575380785088{padding-top: 60px !important;padding-bottom: 80px !important;}\u00a0\u00bb][vc_column width=\u00a0\u00bb5\/6&Prime; offset=\u00a0\u00bbvc_col-lg-offset-2 vc_col-lg-8 vc_col-md-offset-2 vc_col-md-8 vc_col-sm-offset-1 vc_col-xs-offset-1 vc_col-xs-10&Prime;][vc_custom_heading text=\u00a0\u00bbFormulaire de demande d\u2019acc\u00e8s du sujet des donn\u00e9es\u00a0\u00bb font_container=\u00a0\u00bbtag:h2|font_size:35px|text_align:center\u00a0\u00bb use_theme_fonts=\u00a0\u00bbyes\u00a0\u00bb css=\u00a0\u00bb\u00a0\u00bb][vc_column_text css=\u00a0\u00bb\u00a0\u00bb]Vayle s\u2019engage \u00e0 recueillilr et \u00e0 utiliser les Donn\u00e9es personnelles de mani\u00e8re responsable. Si vous souhaitez acc\u00e9der \u00e0 vos Donn\u00e9es personnelles, les supprimer, les rectifier ou vous opposer \u00e0 leur&hellip;","og_url":"https:\/\/www.vayle.io\/fr-ca\/demande-de-donnees\/","og_site_name":"Vayle | FOI and Information Compliance","article_modified_time":"2026-04-13T18:00:07+00:00","twitter_card":"summary_large_image","twitter_site":"@vayletweets","twitter_misc":{"Estimation du temps de lecture":"1 minute"},"schema":{"@context":"https:\/\/schema.org","@graph":[{"@type":"WebPage","@id":"https:\/\/www.vayle.io\/fr-ca\/demande-de-donnees\/","url":"https:\/\/www.vayle.io\/fr-ca\/demande-de-donnees\/","name":"Demande de donn\u00e9es - Vayle | FOI and Information Compliance","isPartOf":{"@id":"https:\/\/www.vayle.io\/fr-ca\/#website"},"datePublished":"2021-10-14T17:47:52+00:00","dateModified":"2026-04-13T18:00:07+00:00","breadcrumb":{"@id":"https:\/\/www.vayle.io\/fr-ca\/demande-de-donnees\/#breadcrumb"},"inLanguage":"fr-CA","potentialAction":[{"@type":"ReadAction","target":["https:\/\/www.vayle.io\/fr-ca\/demande-de-donnees\/"]}]},{"@type":"BreadcrumbList","@id":"https:\/\/www.vayle.io\/fr-ca\/demande-de-donnees\/#breadcrumb","itemListElement":[{"@type":"ListItem","position":1,"name":"Home","item":"https:\/\/www.vayle.io\/fr-ca\/"},{"@type":"ListItem","position":2,"name":"Demande de donn\u00e9es"}]},{"@type":"WebSite","@id":"https:\/\/www.vayle.io\/fr-ca\/#website","url":"https:\/\/www.vayle.io\/fr-ca\/","name":"Vayle | FOI and Information Compliance","description":"Achieve Compliance. Reduce Risk. Build Trust.","publisher":{"@id":"https:\/\/www.vayle.io\/fr-ca\/#organization"},"potentialAction":[{"@type":"SearchAction","target":{"@type":"EntryPoint","urlTemplate":"https:\/\/www.vayle.io\/fr-ca\/?s={search_term_string}"},"query-input":{"@type":"PropertyValueSpecification","valueRequired":true,"valueName":"search_term_string"}}],"inLanguage":"fr-CA"},{"@type":"Organization","@id":"https:\/\/www.vayle.io\/fr-ca\/#organization","name":"Vayle","url":"https:\/\/www.vayle.io\/fr-ca\/","logo":{"@type":"ImageObject","inLanguage":"fr-CA","@id":"https:\/\/www.vayle.io\/fr-ca\/#\/schema\/logo\/image\/","url":"https:\/\/www.vayle.io\/wp-content\/uploads\/2022\/05\/Android-Playstore-Graphic.png","contentUrl":"https:\/\/www.vayle.io\/wp-content\/uploads\/2022\/05\/Android-Playstore-Graphic.png","width":1024,"height":500,"caption":"Vayle"},"image":{"@id":"https:\/\/www.vayle.io\/fr-ca\/#\/schema\/logo\/image\/"},"sameAs":["https:\/\/x.com\/vayletweets","https:\/\/www.linkedin.com\/company\/vayle-inc"]}]}},"featured_image_src":null,"featured_image_src_square":null,"_links":{"self":[{"href":"https:\/\/www.vayle.io\/fr-ca\/wp-json\/wp\/v2\/pages\/7730","targetHints":{"allow":["GET"]}}],"collection":[{"href":"https:\/\/www.vayle.io\/fr-ca\/wp-json\/wp\/v2\/pages"}],"about":[{"href":"https:\/\/www.vayle.io\/fr-ca\/wp-json\/wp\/v2\/types\/page"}],"author":[{"embeddable":true,"href":"https:\/\/www.vayle.io\/fr-ca\/wp-json\/wp\/v2\/users\/19"}],"replies":[{"embeddable":true,"href":"https:\/\/www.vayle.io\/fr-ca\/wp-json\/wp\/v2\/comments?post=7730"}],"version-history":[{"count":0,"href":"https:\/\/www.vayle.io\/fr-ca\/wp-json\/wp\/v2\/pages\/7730\/revisions"}],"wp:attachment":[{"href":"https:\/\/www.vayle.io\/fr-ca\/wp-json\/wp\/v2\/media?parent=7730"}],"curies":[{"name":"wp","href":"https:\/\/api.w.org\/{rel}","templated":true}]}}